{"id":355,"date":"2025-09-19T14:34:05","date_gmt":"2025-09-19T14:34:05","guid":{"rendered":"https:\/\/monocromatica.mx\/webhostingpanama\/?page_id=355"},"modified":"2025-09-19T14:46:14","modified_gmt":"2025-09-19T14:46:14","slug":"data-center","status":"publish","type":"page","link":"https:\/\/monocromatica.mx\/webhostingpanama\/data-center\/","title":{"rendered":"Data Center"},"content":{"rendered":"\t\t<div data-elementor-type=\"wp-page\" data-elementor-id=\"355\" class=\"elementor elementor-355\" data-elementor-post-type=\"page\">\n\t\t\t\t<div class=\"elementor-element elementor-element-1f0dcc9f e-flex e-con-boxed e-con e-parent\" data-id=\"1f0dcc9f\" data-element_type=\"container\" data-settings=\"{&quot;background_background&quot;:&quot;classic&quot;}\">\n\t\t\t\t\t<div class=\"e-con-inner\">\n\t\t\t\t<div class=\"elementor-element elementor-element-3dcaab40 elementor-widget elementor-widget-heading\" data-id=\"3dcaab40\" data-element_type=\"widget\" data-widget_type=\"heading.default\">\n\t\t\t\t\t<h2 class=\"elementor-heading-title elementor-size-default\">DATA CENTER<\/h2>\t\t\t\t<\/div>\n\t\t\t\t\t<\/div>\n\t\t\t\t<\/div>\n\t\t<div class=\"elementor-element elementor-element-06f23e2 e-flex e-con-boxed e-con e-parent\" data-id=\"06f23e2\" data-element_type=\"container\">\n\t\t\t\t\t<div class=\"e-con-inner\">\n\t\t\t\t<div class=\"elementor-element elementor-element-f0a3f54 elementor-widget elementor-widget-text-editor\" data-id=\"f0a3f54\" data-element_type=\"widget\" data-widget_type=\"text-editor.default\">\n\t\t\t\t\t\t\t\t\t<h2>Data Center<\/h2>\n<p>Nuestra red se enruta por la parte superior de los routers de borde de la l\u00ednea de <a href=\"http:\/\/www.juniper.net\/es\/es\/\" target=\"_blank\" rel=\"noopener\">Juniper<\/a> y se agregan a trav\u00e9s de <a href=\"http:\/\/www.cisco.com\/\" target=\"_blank\" rel=\"noopener\">Cisco<\/a> y switches de <a href=\"http:\/\/www.juniper.net\/es\/es\/\" target=\"_blank\" rel=\"noopener\">Juniper<\/a>. Como proveedor de servidor dedicado, tenemos acceso a los proveedores de ancho de banda m\u00e1s grandes, que han sido seleccionados en base a las rutas para complementar nuestros otros proveedores. Nuestro equipo de red es totalmente redundante todo el camino a los enlaces ascendentes que unen a nuestros gabinetes, as\u00ed como a los proveedores que hemos seleccionado, junto con los puntos de entrada a nuestras instalaciones.<\/p><p><br><\/p>\n<p class=\"Texto_Azul_MARino\" align=\"justify\"><strong>Servidores en Estados Unidos<\/strong>&nbsp;<\/p>\n<p class=\"Texto_Azul_MARino\" align=\"justify\"><span style=\"font-family: var( --e-global-typography-text-font-family ), Sans-serif; font-size: var( --e-global-typography-text-font-size ); text-align: var(--text-align);\">Mantener nuestros servidores en Chicago, Atlanta, Nueva Jersey, Dallas, Phoenix, Los Angeles y el Reino Unido nos permite ofrecerte la m\u00e1s avanzada tecnolog\u00eda, servicios de calidad extraordinaria y precios realmente especiales.<\/span><\/p>\n<p class=\"Texto_Azul_MARino\" align=\"justify\"><strong><br><\/strong><\/p><p class=\"Texto_Azul_MARino\" align=\"justify\"><strong>Especificaciones minimas de servidor<\/strong><\/p>\n<p class=\"Texto_Azul_MARino\" align=\"justify\">La tecnolog\u00eda est\u00e1 cambiando r\u00e1pidamente y nos adaptamos a los cambios que ocurren. Cuando se registra con Web Hosting de Panam\u00e1, usted puede estar seguro que los servidores tendr\u00e1n al menos las siguientes especificaciones:<\/p>\n<ul>\n<li><span class=\"Texto_Azul_MARino\">Procesadores con cuadruple nucleo<\/span><\/li>\n<li><span class=\"Texto_Azul_MARino\">8 GB de memoria DDR3<\/span> <span class=\"Texto_Azul_MARino\">de memoria ram<\/span><\/li>\n<li><span class=\"Texto_Azul_MARino\">Conexi\u00f3n a 100Mpbs a los interruptores.<\/span><\/li>\n<li><span class=\"Texto_Azul_MARino\">BGP4 conectividad Gigabit de fibra GigE a m\u00faltiples Nivel 1 columna vertebral.<\/span><\/li>\n<li><span class=\"Texto_Azul_MARino\">RAID-10 matrices de almacenamiento para un m\u00e1ximo rendimiento y redundancia<\/span><\/li>\n<li><span class=\"Texto_Azul_MARino\">Sin hardware de escritorio<\/span><\/li>\n<li><span class=\"Texto_Azul_MARino\">Partes<\/span> <span class=\"Texto_Azul_MARino\">originales de la marca del servidor<\/span><\/li>\n<\/ul>\t\t\t\t\t\t\t\t<\/div>\n\t\t\t\t\t<\/div>\n\t\t\t\t<\/div>\n\t\t\t\t<\/div>\n\t\t","protected":false},"excerpt":{"rendered":"<p>DATA CENTER Data Center Nuestra red se enruta por la parte superior de los routers de borde de la l\u00ednea de Juniper y se agregan a trav\u00e9s de Cisco y switches de Juniper. Como proveedor de servidor dedicado, tenemos acceso a los proveedores de ancho de banda m\u00e1s grandes, que han sido seleccionados en base [&hellip;]<\/p>\n","protected":false},"author":1,"featured_media":0,"parent":0,"menu_order":0,"comment_status":"closed","ping_status":"closed","template":"","meta":{"footnotes":""},"class_list":["post-355","page","type-page","status-publish","hentry"],"_links":{"self":[{"href":"https:\/\/monocromatica.mx\/webhostingpanama\/wp-json\/wp\/v2\/pages\/355","targetHints":{"allow":["GET"]}}],"collection":[{"href":"https:\/\/monocromatica.mx\/webhostingpanama\/wp-json\/wp\/v2\/pages"}],"about":[{"href":"https:\/\/monocromatica.mx\/webhostingpanama\/wp-json\/wp\/v2\/types\/page"}],"author":[{"embeddable":true,"href":"https:\/\/monocromatica.mx\/webhostingpanama\/wp-json\/wp\/v2\/users\/1"}],"replies":[{"embeddable":true,"href":"https:\/\/monocromatica.mx\/webhostingpanama\/wp-json\/wp\/v2\/comments?post=355"}],"version-history":[{"count":10,"href":"https:\/\/monocromatica.mx\/webhostingpanama\/wp-json\/wp\/v2\/pages\/355\/revisions"}],"predecessor-version":[{"id":375,"href":"https:\/\/monocromatica.mx\/webhostingpanama\/wp-json\/wp\/v2\/pages\/355\/revisions\/375"}],"wp:attachment":[{"href":"https:\/\/monocromatica.mx\/webhostingpanama\/wp-json\/wp\/v2\/media?parent=355"}],"curies":[{"name":"wp","href":"https:\/\/api.w.org\/{rel}","templated":true}]}}