{"id":365,"date":"2025-09-19T14:42:25","date_gmt":"2025-09-19T14:42:25","guid":{"rendered":"https:\/\/monocromatica.mx\/webhostingpanama\/?page_id=365"},"modified":"2025-09-19T14:44:09","modified_gmt":"2025-09-19T14:44:09","slug":"aviso-de-privacidad","status":"publish","type":"page","link":"https:\/\/monocromatica.mx\/webhostingpanama\/aviso-de-privacidad\/","title":{"rendered":"Aviso de Privacidad"},"content":{"rendered":"\t\t<div data-elementor-type=\"wp-page\" data-elementor-id=\"365\" class=\"elementor elementor-365\" data-elementor-post-type=\"page\">\n\t\t\t\t<div class=\"elementor-element elementor-element-b96efa7 e-flex e-con-boxed e-con e-parent\" data-id=\"b96efa7\" data-element_type=\"container\" data-settings=\"{&quot;background_background&quot;:&quot;classic&quot;}\">\n\t\t\t\t\t<div class=\"e-con-inner\">\n\t\t\t\t<div class=\"elementor-element elementor-element-252d09d1 elementor-widget elementor-widget-heading\" data-id=\"252d09d1\" data-element_type=\"widget\" data-widget_type=\"heading.default\">\n\t\t\t\t\t<h2 class=\"elementor-heading-title elementor-size-default\">AVISO DE PRIVACIDAD<\/h2>\t\t\t\t<\/div>\n\t\t\t\t\t<\/div>\n\t\t\t\t<\/div>\n\t\t<div class=\"elementor-element elementor-element-f2bae1b e-flex e-con-boxed e-con e-parent\" data-id=\"f2bae1b\" data-element_type=\"container\">\n\t\t\t\t\t<div class=\"e-con-inner\">\n\t\t\t\t<div class=\"elementor-element elementor-element-c0909f1 elementor-widget elementor-widget-text-editor\" data-id=\"c0909f1\" data-element_type=\"widget\" data-widget_type=\"text-editor.default\">\n\t\t\t\t\t\t\t\t\t<p>Son las reglas que rigen el tratamiento que le damos a la informaci\u00f3n con el fin de proteger la privacidad de clientes lectores y anunciantes.<\/p><p>\u00a0<\/p><p><strong>Datos Personales<\/strong><\/p><p>Son los datos nombre, e-mail, direcci\u00f3n f\u00edsica, sexo y edad. Estos datos ni los publicamos ni los compartimos con terceras partes.<\/p><p><strong>\u00a0<\/strong><\/p><p><strong>Direcci\u00f3n IP<\/strong><\/p><p>Es el n\u00famero que su proveedor de Internet le asigna a la conexi\u00f3n de ud., necesario para comunicar su navegador con nuestro servidor. Nuestro servidor registra autom\u00e1ticamente las direcciones IP.<\/p><p>webhostingdepanama.com usa las direcciones IP para analizar el tr\u00e1fico en su conjunto para mejorar nuestro servicio. Nunca se comparten las direcciones IP individuales con terceras partes.<\/p><p><strong>\u00a0<\/strong><\/p><p><strong>Cookies<\/strong><\/p><p>Es un valor que nuestro servidor deposita en la memoria de su navegador, necesario para personalizar el contenido.<\/p><p>webhostingdepanama.com usa cookies para personalizar nuestro sitio y ofrecerle un mejor servicio.<\/p><p><strong>\u00a0<\/strong><\/p><p><strong>Tarjetas de Cr\u00e9dito<\/strong><\/p><p>webhostingdepanama.com ni recibe ni almacena n\u00fameros de tarjetas de cr\u00e9dito.<\/p><p><strong>\u00a0<\/strong><\/p><p><strong>Actualizaci\u00f3n de Pol\u00edticas<\/strong><\/p><p>webhostingdepanama.com se reserva el derecho de modificar esta pol\u00edtica de privacidad ocasionalmente para mejorar el servicio.<\/p>\t\t\t\t\t\t\t\t<\/div>\n\t\t\t\t\t<\/div>\n\t\t\t\t<\/div>\n\t\t\t\t<\/div>\n\t\t","protected":false},"excerpt":{"rendered":"<p>AVISO DE PRIVACIDAD Son las reglas que rigen el tratamiento que le damos a la informaci\u00f3n con el fin de proteger la privacidad de clientes lectores y anunciantes. \u00a0 Datos Personales Son los datos nombre, e-mail, direcci\u00f3n f\u00edsica, sexo y edad. Estos datos ni los publicamos ni los compartimos con terceras partes. \u00a0 Direcci\u00f3n IP [&hellip;]<\/p>\n","protected":false},"author":1,"featured_media":0,"parent":0,"menu_order":0,"comment_status":"closed","ping_status":"closed","template":"","meta":{"footnotes":""},"class_list":["post-365","page","type-page","status-publish","hentry"],"_links":{"self":[{"href":"https:\/\/monocromatica.mx\/webhostingpanama\/wp-json\/wp\/v2\/pages\/365","targetHints":{"allow":["GET"]}}],"collection":[{"href":"https:\/\/monocromatica.mx\/webhostingpanama\/wp-json\/wp\/v2\/pages"}],"about":[{"href":"https:\/\/monocromatica.mx\/webhostingpanama\/wp-json\/wp\/v2\/types\/page"}],"author":[{"embeddable":true,"href":"https:\/\/monocromatica.mx\/webhostingpanama\/wp-json\/wp\/v2\/users\/1"}],"replies":[{"embeddable":true,"href":"https:\/\/monocromatica.mx\/webhostingpanama\/wp-json\/wp\/v2\/comments?post=365"}],"version-history":[{"count":4,"href":"https:\/\/monocromatica.mx\/webhostingpanama\/wp-json\/wp\/v2\/pages\/365\/revisions"}],"predecessor-version":[{"id":369,"href":"https:\/\/monocromatica.mx\/webhostingpanama\/wp-json\/wp\/v2\/pages\/365\/revisions\/369"}],"wp:attachment":[{"href":"https:\/\/monocromatica.mx\/webhostingpanama\/wp-json\/wp\/v2\/media?parent=365"}],"curies":[{"name":"wp","href":"https:\/\/api.w.org\/{rel}","templated":true}]}}