{"id":380,"date":"2025-09-19T14:50:13","date_gmt":"2025-09-19T14:50:13","guid":{"rendered":"https:\/\/monocromatica.mx\/webhostingpanama\/?page_id=380"},"modified":"2025-09-19T14:52:31","modified_gmt":"2025-09-19T14:52:31","slug":"terminos-y-condiciones-de-uso","status":"publish","type":"page","link":"https:\/\/monocromatica.mx\/webhostingpanama\/terminos-y-condiciones-de-uso\/","title":{"rendered":"T\u00e9rminos y Condiciones de Uso"},"content":{"rendered":"\t\t<div data-elementor-type=\"wp-page\" data-elementor-id=\"380\" class=\"elementor elementor-380\" data-elementor-post-type=\"page\">\n\t\t\t\t<div class=\"elementor-element elementor-element-473a1de5 e-flex e-con-boxed e-con e-parent\" data-id=\"473a1de5\" data-element_type=\"container\" data-settings=\"{&quot;background_background&quot;:&quot;classic&quot;}\">\n\t\t\t\t\t<div class=\"e-con-inner\">\n\t\t\t\t<div class=\"elementor-element elementor-element-2f9f8a63 elementor-widget elementor-widget-heading\" data-id=\"2f9f8a63\" data-element_type=\"widget\" data-widget_type=\"heading.default\">\n\t\t\t\t\t<h2 class=\"elementor-heading-title elementor-size-default\">T\u00c9RMINOS Y CONDICIONES DE USO<\/h2>\t\t\t\t<\/div>\n\t\t\t\t\t<\/div>\n\t\t\t\t<\/div>\n\t\t<div class=\"elementor-element elementor-element-b160229 e-flex e-con-boxed e-con e-parent\" data-id=\"b160229\" data-element_type=\"container\">\n\t\t\t\t\t<div class=\"e-con-inner\">\n\t\t\t\t<div class=\"elementor-element elementor-element-fdb4d94 elementor-widget elementor-widget-text-editor\" data-id=\"fdb4d94\" data-element_type=\"widget\" data-widget_type=\"text-editor.default\">\n\t\t\t\t\t\t\t\t\t<p>Al contratar servicios www.webhostingdepanama.com todos los clientes acuerdan sujetarse a los <strong>T\u00e9rminos del Servicio<\/strong>.<\/p><p>El esp\u00edritu de esta pol\u00edtica es asegurarse de que nuestros clientes est\u00e1n usando los servicios www.webhostingdepanama.com con pleno respeto de los derechos de otros usuarios de Internet y de conformidad con los requerimientos del ambiente de redes de www.webhostingdepanama.com<\/p><p>\u00a0<\/p><p><strong>Pol\u00edtica de Reembolso<\/strong><\/p><p>www.webhostingdepanama.com s\u00f3lo puede rembolsar pagos durante los primeros 7 d\u00edas, aplica solo para cuentas nueva y\u00a0 con dep\u00f3sito bancario ya que en otro tipo de pagos no podemos rembolsar la cantidad exacta pagada debido a las comisiones que se generan. Pagos posteriores a 7 d\u00edas no podr\u00e1n ser reembolsados.<\/p><p>webhostingdepanama.com reembolsar\u00e1 tu dinero si no te satisface por cualquier raz\u00f3n excepto en caso de configuraciones especiales de hospedaje web, VPS o por violaciones a estos T\u00e9rminos del Servicio.<\/p><p>En caso de violaciones a los T\u00e9rminos del servicio el usuario renuncia a cualquier reembolso que pudiera solicitar.<\/p><p><strong>\u00a0<\/strong><\/p><p><strong>Pol\u00edticas Congruentes<\/strong><\/p><p>Sugerimos que usted y su organizaci\u00f3n observen una misma pol\u00edtica de uso desde el principio.<\/p><p>Si el servidor es con fines comerciales que no se permitan ustedes, utilizar sus recursos para fines recreativos o personales.<\/p><p>Sugerimos una pol\u00edtica congruente con los fines del servidor.<\/p><p><strong>\u00a0<\/strong><\/p><p><strong>Pol\u00edtica de Servicio y Garant\u00edas<\/strong><\/p><p>Los planes de hospedaje web no requieren computaci\u00f3n avanzada, usted tiene acceso al panel de control, pero si efect\u00faa modificaciones incorrectas, invalida usted cualquier garant\u00eda de la funcionalidad del servicio.<\/p><p><strong>\u00a0<\/strong><\/p><p><strong>Uso legal<\/strong><\/p><p>Los servidores de www.webhostingdepanama.com pueden ser usados s\u00f3lo para fines dentro del marco de la ley.<\/p><p>La transmisi\u00f3n, almacenaje o distribuci\u00f3n de cualquier informaci\u00f3n, datos o material en violaci\u00f3n a cualquier ley o regulaci\u00f3n aplicable est\u00e1n prohibidos. Esto incluye, pero no est\u00e1 limitado a: material protegido por derechos de autor; marcas registradas; secretos industriales o cualquier otra propiedad intelectual usados sin la autorizaci\u00f3n apropiada; material obsceno, difamatorio, que constituya una amenaza ilegal, o viole las leyes o controles de exportaci\u00f3n.<\/p><p>Ejemplos de contenido o links inaceptables incluye: Software pirata, programas de hackers o archivos, sitios warez, MP3s y robots IRC. Contenido para Adultos, Giros Negros y otros Debido a los requerimientos especiales de sitios con contenido para adultos la pornograf\u00eda y cualquier contenido o mercanc\u00eda relacionada al sexo est\u00e1 prohibida.<\/p><p>Esto incluye sitios que pueden inferir contenido sexual o proporcionen links a sitios de adultos en alguna otra parte. Esto tambi\u00e9n es cierto para sitios que promueven actividad ilegal o contenido que pueda da\u00f1ar nuestros servidores o cualquier servidor en Internet, o proveer links a tales sitios. Toda actividad que promueva o venda art\u00edculos que da\u00f1en la salud, tales como: bebidas alcoh\u00f3licas, cigarrillos, antros, bares, etc. est\u00e1 prohibida.<\/p><p>Al igual que sitios relacionados con brujer\u00eda, magia, adivinos u otro giro relacionado.<\/p><p><strong>\u00a0<\/strong><\/p><p><strong>Seguridad<\/strong><\/p><p>Las violaciones de la seguridad del sistema o la red est\u00e1n prohibidas y pueden resultar en responsabilidad civil o penal. Ejemplos incluyen pero no est\u00e1n limitados a los siguientes: Acceso no autorizado, uso, pruebas o escaneo de sistemas de seguridad o medidas de autenticaci\u00f3n, datos o tr\u00e1fico; interferencia con cualquier usuario, nodo o red incluyendo, sin limitar, bombas de mail, inundaci\u00f3n, intentos deliberados para sobrecargar el sistema, transmisi\u00f3n de ataques; falsificar el encabezado de cualquier paquete TCP-IP o cualquier parte del encabezado en un mail o grupo de noticias (newsgroup).<\/p><p><strong>\u00a0<\/strong><\/p><p><strong>Recursos de Servidores<\/strong><\/p><p>Cualquier sitio que utilice una cantidad alta de recursos de los servidores tales como: sin limitar, tiempo de CPU (m\u00e1s de 30 segundos), uso de memoria (m\u00e1s de 8mb), recursos de red (m\u00e1s del 5% disponible en cualquier momento), se dar\u00e1n la opci\u00f3n de pagar cuotas adicionales (que depender\u00e1n de los recursos requeridos), reducir los recursos a un nivel aceptable, o actualizar su servicio a un servicio de hospedaje web de mayor capacidad, o servidor dedicado. www.webhostingdepanama.com ser\u00e1 el \u00fanico \u00e1rbitro de lo que ha de considerarse nivel alto de uso. Cualquier cuenta de hospedaje web que se considere afecta negativamente el rendimiento o la integridad de los servidores o las redes ser\u00e1 suspendido sin aviso previo.<\/p><p><strong>\u00a0<\/strong><\/p><p><strong>IRC<\/strong><\/p><p>www.webhostingdepanama.com no permite IRC o bots IRC en sus servidores. UCE (Mail comercial no solicitado) \u2013 SPAM Enviar spam, enviar mail masivo no solicitado de o a trav\u00e9s de www.webhostingdepanama.com o usando una direcci\u00f3n de mail que se mantiene en www.webhostingdepanama.com queda ESTRICTAMENTE PROHIBIDO. Si por cualquiera de las direcciones IP de www.webhostingdepanama.com es listada en lista de bloqueo spam por el spam del dominio que el cliente tiene hospedado en nuestro servidor ese dominio ser\u00e1 removido inmediatamente. www.webhostingdepanama.com ser\u00e1 el \u00fanico \u00e1rbitro de lo que constituye una violaci\u00f3n a esta provisi\u00f3n.<\/p><p><strong>\u00a0<\/strong><\/p><p><strong>Abuso de Servidores<\/strong><\/p><p>Cualquier intento en socavar o causar da\u00f1o a los servidores www.webhostingdepanama.com o los clientes webhostingdepanama.com quedan estrictamente prohibidos.<\/p><p><strong>\u00a0<\/strong><\/p><p><strong>Ancho de Banda<\/strong><\/p><p>Un sitio de Internet promedio usa 120 megabytes de transferencia al mes. Un megabyte de transferencia equivale a 10 visitas.<\/p><p><strong>\u00a0<\/strong><\/p><p><strong>Acciones Tomadas por www.webhostingdepanama.com<\/strong><\/p><p>Al faltar el cliente a cualquiera de los t\u00e9rminos del servicio descrito aqu\u00ed se desactivar\u00e1 su servicio. www.webhostingdepanama.com ser\u00e1 el \u00fanico \u00e1rbitro de lo que constituye una violaci\u00f3n a los T\u00e9rminos de uso.<\/p><p>www.webhostingdepanama.com se reserva el derecho de remover cualquier cuenta sin aviso previo.<\/p><p>Cuando www.webhostingdepanama.com adquiera conocimiento de una violaci\u00f3n alegada de sus T\u00e9rminos de uso www.webhostingdepanama.com iniciara una investigaci\u00f3n. Durante la investigaci\u00f3n www.webhostingdepanama.com puede restringir el acceso del cliente para prevenir m\u00e1s actividad no autorizada potencial. Dependiendo de la severidad de las violaciones, www.webhostingdepanama.com puede, a su discreci\u00f3n restringir, suspender o terminar una cuenta de hospedaje web del cliente y\/o buscar remedios civiles.<\/p><p>Si tal violaci\u00f3n es una ofensa criminal, www.webhostingdepanama.com notificar\u00e1 a las autoridades competentes locales de tal violaci\u00f3n. www.webhostingdepanama.com no emite cr\u00e9dito por interrupciones del servicio incurrido durante la desabilitaci\u00f3n del servicio resultantes de violar los T\u00e9rminos de Uso.<\/p><p><strong>\u00a0<\/strong><\/p><p><strong>Los clientes<\/strong><\/p><p>www.webhostingdepanama.com se comprometen a indemnizar y mantener sin da\u00f1o a www.webhostingdepanama.com de cualquier reclamo que resulte del uso de nuestros servicios que da\u00f1en a ellos o a cualquier parte.<\/p><p><strong>\u00a0<\/strong><\/p><p><strong>El servicio<\/strong><\/p><p>www.webhostingdepanama.com es provisto tal como es, seg\u00fan se hace disponible sin garant\u00edas de ninguna clase, expresa o impl\u00edcita, incluyendo, y no limitando a, garant\u00edas de comercializaci\u00f3n o de su aplicabilidad a ning\u00fan prop\u00f3sito en particular. www.webhostingdepanama.com expresamente niega cualquier representaci\u00f3n o garant\u00eda que el servicio www.webhostingdepanama.com ser\u00e1 libre de errores, seguro o ininterrumpido. Ninguna informaci\u00f3n oral o escrita proporcionada por www.webhostingdepanama.com , sus empleados, distribuidores o similares crean una garant\u00eda, ni puedes confiar en tal informaci\u00f3n o consejo. www.webhostingdepanama.com, sus socios comerciales, sus proveedores no se hacen responsables de cualquier costo o da\u00f1o que resulte directa o indirectamente de cualquier transacci\u00f3n o uso del servicio.<\/p><p><strong>\u00a0<\/strong><\/p><p><strong>Responsabilidad del Contenido<\/strong><\/p><p>T\u00fa, el cliente eres el \u00fanico o \u00fanica responsable del contenido que almacenas o distribuyes desde los servidores www.webhostingdepanama.com<\/p><p><strong>\u00a0<\/strong><\/p><p><strong>Virus <\/strong><\/p><p>Un efecto colateral de tener una presencia p\u00fablica en Internet con la direcci\u00f3n de e-mail expuesta es la llegada de e-mails que contienen virus o material no solicitado. No somos responsables del e-mail deseado o no deseado que llegue al servidor y sus cuentas de correo. Si usted. tiene un caso grave av\u00edsenos para bloquearlo de toda la granja de servidores a la brevedad mas no nos comprometemos a que el bloqueo sea totalmente efectivo. Le sugerimos que deshabilite en Outlook o Outlook Express la \u00abvista previa\u00bb o \u00abpreview panel\u00bb en la bandeja de correo entrante, y que se limite a leer el t\u00edtulo de los e-mail entrantes primero. Si UD. detecta un t\u00edtulo inorg\u00e1nico o no relacionado con sus intereses, destruya el mensaje de inmediato a discreci\u00f3n. No somos responsables de virus, worms o cualquier otro tipo de c\u00f3digo destructivo o no destructivo que pudiera llegar a su buz\u00f3n de e-mail. usted. se responsabiliza de no abrir e-mail con virus, de no bajar o ejecutar archivos con virus, de adquirir los programas vacuna o protectores que encuentre pertinentes.<\/p><p><strong>\u00a0<\/strong><\/p><p><strong>Soporte T\u00e9cnico<\/strong><\/p><p>Cada plan de servicio incluye el servicio a clientes o soporte t\u00e9cnico web via Messenger, telef\u00f3nica o por Correo electr\u00f3nico. Nuestra primera misi\u00f3n es darte el apoyo necesario para que t\u00fa disfrutes de nuestros servicios f\u00e1cilmente.<\/p><p>Dominios .com, .org, .net, .info, .biz, sin costo durante la contrataci\u00f3n anual de los Planes de hosting. Costo de transferencia de dominio a nombre del titular si el mismo se encuentra activo sera de $50 dolares, si el dominio se encuentra vencido $100 dolares y si el dominio se encuentra caducado $200 dolares. Si usted desea ser due\u00f1o de su dominio puede adquirirlo en la siguiente direcci\u00f3n <a href=\"https:\/\/dominioscds.nameservices.net\/\">https:\/\/dominioscds.nameservices.net<\/a><br \/>Agradecemos su Preferencia Esperamos que nuestro servicio sea una experiencia divertida y productiva, de aprendizaje y trabajo.<\/p><p><strong>\u00a0<\/strong><\/p><p><strong>Modificaci\u00f3n<\/strong><\/p><p>www.webhostingdepanama.com se reserva el derecho de a\u00f1adir, borrar o modificar cualquier provisi\u00f3n de sus T\u00e9rminos del Servicio en cualquier momento sin previo aviso.<\/p><p><strong>\u00a0<\/strong><\/p><p><strong>Reconocimiento<\/strong><\/p><p>Del Acuerdo Este acuerdo reemplaza comunicaci\u00f3n escrita, electr\u00f3nica, u oral que usted pudo haber tenido con www.webhostingdepanama.com o cualquier agente o representante, y constituye el acuerdo completo y total entre las partes. Usted acepta adem\u00e1s que \u00e9ste acuerdo puede ser modificado en cualquier momento por www.webhostingdepanama.com Si cualquier disposici\u00f3n de este acuerdo se determina para ser inv\u00e1lida o inaplicable, seguir\u00e1 habiendo el resto de las provisiones en fuerza completa y el efecto y la disposici\u00f3n dicha ser\u00e1n reformados al grado necesario para hacerlo ejecutorio. Usted acepta por completo y es de su entero reconocimiento que usted ha le\u00eddo los t\u00e9rminos y las condiciones de nuestros servicios y que usted entiende tales t\u00e9rminos y condiciones y acuerda ser limitado por ellos.<\/p>\t\t\t\t\t\t\t\t<\/div>\n\t\t\t\t\t<\/div>\n\t\t\t\t<\/div>\n\t\t\t\t<\/div>\n\t\t","protected":false},"excerpt":{"rendered":"<p>T\u00c9RMINOS Y CONDICIONES DE USO Al contratar servicios www.webhostingdepanama.com todos los clientes acuerdan sujetarse a los T\u00e9rminos del Servicio. El esp\u00edritu de esta pol\u00edtica es asegurarse de que nuestros clientes est\u00e1n usando los servicios www.webhostingdepanama.com con pleno respeto de los derechos de otros usuarios de Internet y de conformidad con los requerimientos del ambiente de [&hellip;]<\/p>\n","protected":false},"author":1,"featured_media":0,"parent":0,"menu_order":0,"comment_status":"closed","ping_status":"closed","template":"","meta":{"footnotes":""},"class_list":["post-380","page","type-page","status-publish","hentry"],"_links":{"self":[{"href":"https:\/\/monocromatica.mx\/webhostingpanama\/wp-json\/wp\/v2\/pages\/380","targetHints":{"allow":["GET"]}}],"collection":[{"href":"https:\/\/monocromatica.mx\/webhostingpanama\/wp-json\/wp\/v2\/pages"}],"about":[{"href":"https:\/\/monocromatica.mx\/webhostingpanama\/wp-json\/wp\/v2\/types\/page"}],"author":[{"embeddable":true,"href":"https:\/\/monocromatica.mx\/webhostingpanama\/wp-json\/wp\/v2\/users\/1"}],"replies":[{"embeddable":true,"href":"https:\/\/monocromatica.mx\/webhostingpanama\/wp-json\/wp\/v2\/comments?post=380"}],"version-history":[{"count":4,"href":"https:\/\/monocromatica.mx\/webhostingpanama\/wp-json\/wp\/v2\/pages\/380\/revisions"}],"predecessor-version":[{"id":384,"href":"https:\/\/monocromatica.mx\/webhostingpanama\/wp-json\/wp\/v2\/pages\/380\/revisions\/384"}],"wp:attachment":[{"href":"https:\/\/monocromatica.mx\/webhostingpanama\/wp-json\/wp\/v2\/media?parent=380"}],"curies":[{"name":"wp","href":"https:\/\/api.w.org\/{rel}","templated":true}]}}